{"id":39104,"date":"2019-02-01T18:33:10","date_gmt":"2019-02-01T18:33:10","guid":{"rendered":"http:\/\/holidayshousenorthportugal.com\/fr\/?page_id=39104"},"modified":"2026-01-09T11:55:28","modified_gmt":"2026-01-09T11:55:28","slug":"reservations","status":"publish","type":"page","link":"https:\/\/holidayshousenorthportugal.com\/fr\/reservations\/","title":{"rendered":"Reservations"},"content":{"rendered":"<p>[et_pb_section fb_built=&#8221;1&#8243; _builder_version=&#8221;3.22&#8243; use_background_color_gradient=&#8221;on&#8221; background_color_gradient_start=&#8221;rgba(0,0,0,0.75)&#8221; background_color_gradient_end=&#8221;rgba(0,0,0,0.75)&#8221; background_color_gradient_overlays_image=&#8221;on&#8221; background_image=&#8221;https:\/\/holidayshousenorthportugal.com\/fr\/wp-content\/uploads\/2019\/02\/HHNP_Reservar_01.jpg&#8221; custom_margin=&#8221;0px||0px||true&#8221; custom_padding=&#8221;60px||60px||true&#8221; locked=&#8221;off&#8221;][et_pb_row custom_padding_last_edited=&#8221;on|desktop&#8221; _builder_version=&#8221;3.25&#8243; custom_margin=&#8221;0px||0px||true&#8221; custom_padding=&#8221;0px||50px||false|false&#8221; custom_padding_tablet=&#8221;||40px||false&#8221; custom_padding_phone=&#8221;||40px||false&#8221;][et_pb_column type=&#8221;4_4&#8243; _builder_version=&#8221;3.25&#8243; custom_padding=&#8221;|||&#8221; custom_padding__hover=&#8221;|||&#8221;][et_pb_text _builder_version=&#8221;3.27.4&#8243; text_font=&#8221;||||||||&#8221; header_font=&#8221;||||||||&#8221; header_text_align=&#8221;center&#8221; header_2_font=&#8221;||||||||&#8221; header_2_text_align=&#8221;center&#8221; header_3_font=&#8221;||||||||&#8221; header_3_text_align=&#8221;center&#8221; header_4_font=&#8221;||||||||&#8221; header_4_text_align=&#8221;center&#8221; text_orientation=&#8221;justified&#8221; background_layout=&#8221;dark&#8221; custom_margin=&#8221;0px||0px||true&#8221; custom_padding=&#8221;0px||0px||true&#8221; locked=&#8221;off&#8221;]<\/p>\n<h1 style=\"padding-bottom: 0px;\">Faites votre r\u00e9servation<\/h1>\n<p>[\/et_pb_text][et_pb_divider color=&#8221;#ffffff&#8221; divider_position=&#8221;bottom&#8221; divider_weight=&#8221;2px&#8221; _builder_version=&#8221;3.19.10&#8243; max_width=&#8221;80px&#8221; module_alignment=&#8221;center&#8221; height=&#8221;20px&#8221; custom_margin=&#8221;0px||0px||true&#8221; custom_padding=&#8221;0px||0px||true&#8221; locked=&#8221;off&#8221;][\/et_pb_divider][\/et_pb_column][\/et_pb_row][et_pb_row _builder_version=&#8221;3.25&#8243; custom_margin=&#8221;0px||0px||true&#8221; custom_padding=&#8221;0px||0px||true&#8221;][et_pb_column type=&#8221;4_4&#8243; _builder_version=&#8221;3.25&#8243; custom_padding=&#8221;|||&#8221; custom_padding__hover=&#8221;|||&#8221;][et_pb_contact_form captcha=&#8221;off&#8221; email=&#8221;mail@holidayshousenorthportugal.com&#8221; custom_message=&#8221;FORMUL\u00c1RIO DE RESERVA HOLIDAYS HOUSE NORTH PORTUGAL (FR)||et_pb_line_break_holder||||et_pb_line_break_holder||Nome: %%Name%%||et_pb_line_break_holder||Email: %%Email%%||et_pb_line_break_holder||Telefone: %%Phone%%||et_pb_line_break_holder||||et_pb_line_break_holder||Check In: %%Check_In%%||et_pb_line_break_holder||Check Out: %%Check_Out%%||et_pb_line_break_holder||N\u00famero de h\u00f3spedes: %%NG%%||et_pb_line_break_holder||Quinta: %%House%%||et_pb_line_break_holder||||et_pb_line_break_holder||Observa\u00e7\u00f5es: %%Message%%||et_pb_line_break_holder||||et_pb_line_break_holder||||et_pb_line_break_holder||%%PP%%&#8221; success_message=&#8221;Votre demande de r\u00e9servation a \u00e9t\u00e9 envoy\u00e9e avec succ\u00e8s, nous vous r\u00e9pondrons sous peu.&#8221; submit_button_text=&#8221;Demande de r\u00e9servation&#8221; module_class=&#8221;HHNP_Button_02 white notitle reservform&#8221; _builder_version=&#8221;4.7.7&#8243; form_field_background_color=&#8221;rgba(255,255,255,0.27)&#8221; form_field_text_color=&#8221;#ffffff&#8221; title_font=&#8221;||||||||&#8221; form_field_font=&#8221;||||||||&#8221; custom_margin=&#8221;0px||0px||true&#8221; custom_padding=&#8221;0px||0px||true&#8221; hover_enabled=&#8221;0&#8243; form_background_color=&#8221;rgba(255,255,255,0.27)&#8221; sticky_enabled=&#8221;0&#8243;][et_pb_contact_field field_id=&#8221;Name&#8221; field_title=&#8221;Nom&#8221; fullwidth_field=&#8221;on&#8221; _builder_version=&#8221;3.19.15&#8243; button_text_size__hover_enabled=&#8221;off&#8221; button_one_text_size__hover_enabled=&#8221;off&#8221; button_two_text_size__hover_enabled=&#8221;off&#8221; button_text_color__hover_enabled=&#8221;off&#8221; button_one_text_color__hover_enabled=&#8221;off&#8221; button_two_text_color__hover_enabled=&#8221;off&#8221; button_border_width__hover_enabled=&#8221;off&#8221; button_one_border_width__hover_enabled=&#8221;off&#8221; button_two_border_width__hover_enabled=&#8221;off&#8221; button_border_color__hover_enabled=&#8221;off&#8221; button_one_border_color__hover_enabled=&#8221;off&#8221; button_two_border_color__hover_enabled=&#8221;off&#8221; button_border_radius__hover_enabled=&#8221;off&#8221; button_one_border_radius__hover_enabled=&#8221;off&#8221; button_two_border_radius__hover_enabled=&#8221;off&#8221; button_letter_spacing__hover_enabled=&#8221;off&#8221; button_one_letter_spacing__hover_enabled=&#8221;off&#8221; button_two_letter_spacing__hover_enabled=&#8221;off&#8221; button_bg_color__hover_enabled=&#8221;off&#8221; button_one_bg_color__hover_enabled=&#8221;off&#8221; button_two_bg_color__hover_enabled=&#8221;off&#8221;][\/et_pb_contact_field][et_pb_contact_field field_id=&#8221;Email&#8221; field_title=&#8221;Email&#8221; field_type=&#8221;email&#8221; _builder_version=&#8221;3.19.10&#8243; button_text_size__hover_enabled=&#8221;off&#8221; button_one_text_size__hover_enabled=&#8221;off&#8221; button_two_text_size__hover_enabled=&#8221;off&#8221; button_text_color__hover_enabled=&#8221;off&#8221; button_one_text_color__hover_enabled=&#8221;off&#8221; button_two_text_color__hover_enabled=&#8221;off&#8221; button_border_width__hover_enabled=&#8221;off&#8221; button_one_border_width__hover_enabled=&#8221;off&#8221; button_two_border_width__hover_enabled=&#8221;off&#8221; button_border_color__hover_enabled=&#8221;off&#8221; button_one_border_color__hover_enabled=&#8221;off&#8221; button_two_border_color__hover_enabled=&#8221;off&#8221; button_border_radius__hover_enabled=&#8221;off&#8221; button_one_border_radius__hover_enabled=&#8221;off&#8221; button_two_border_radius__hover_enabled=&#8221;off&#8221; button_letter_spacing__hover_enabled=&#8221;off&#8221; button_one_letter_spacing__hover_enabled=&#8221;off&#8221; button_two_letter_spacing__hover_enabled=&#8221;off&#8221; button_bg_color__hover_enabled=&#8221;off&#8221; button_one_bg_color__hover_enabled=&#8221;off&#8221; button_two_bg_color__hover_enabled=&#8221;off&#8221;][\/et_pb_contact_field][et_pb_contact_field field_id=&#8221;Phone&#8221; field_title=&#8221;T\u00e9l\u00e9phone&#8221; allowed_symbols=&#8221;numbers&#8221; _builder_version=&#8221;3.19.15&#8243; button_text_size__hover_enabled=&#8221;off&#8221; button_one_text_size__hover_enabled=&#8221;off&#8221; button_two_text_size__hover_enabled=&#8221;off&#8221; button_text_color__hover_enabled=&#8221;off&#8221; button_one_text_color__hover_enabled=&#8221;off&#8221; button_two_text_color__hover_enabled=&#8221;off&#8221; button_border_width__hover_enabled=&#8221;off&#8221; button_one_border_width__hover_enabled=&#8221;off&#8221; button_two_border_width__hover_enabled=&#8221;off&#8221; button_border_color__hover_enabled=&#8221;off&#8221; button_one_border_color__hover_enabled=&#8221;off&#8221; button_two_border_color__hover_enabled=&#8221;off&#8221; button_border_radius__hover_enabled=&#8221;off&#8221; button_one_border_radius__hover_enabled=&#8221;off&#8221; button_two_border_radius__hover_enabled=&#8221;off&#8221; button_letter_spacing__hover_enabled=&#8221;off&#8221; button_one_letter_spacing__hover_enabled=&#8221;off&#8221; button_two_letter_spacing__hover_enabled=&#8221;off&#8221; button_bg_color__hover_enabled=&#8221;off&#8221; button_one_bg_color__hover_enabled=&#8221;off&#8221; button_two_bg_color__hover_enabled=&#8221;off&#8221;][\/et_pb_contact_field][et_pb_contact_field field_id=&#8221;Check_In&#8221; field_title=&#8221;Check In&#8221; _builder_version=&#8221;3.19.10&#8243;][\/et_pb_contact_field][et_pb_contact_field field_id=&#8221;Check_Out&#8221; field_title=&#8221;Check Out&#8221; _builder_version=&#8221;3.19.10&#8243;][\/et_pb_contact_field][et_pb_contact_field field_id=&#8221;NG&#8221; field_title=&#8221;Combien de personnes?&#8221; _builder_version=&#8221;3.19.15&#8243;][\/et_pb_contact_field][et_pb_contact_field field_id=&#8221;House&#8221; field_title=&#8221;Maison que vous voulez rester&#8221; field_type=&#8221;select&#8221; select_options=&#8221;%91{%22value%22:%22Quinta da Bela Vista%22,%22checked%22:0,%22dragID%22:-1},{%22value%22:%22Quinta da Aldeia%22,%22checked%22:0,%22dragID%22:0},{%22value%22:%22Bungalow da Bela Vista%22,%22checked%22:0,%22dragID%22:1},{%22value%22:%22Quinta de Carvalho%22,%22checked%22:0,%22dragID%22:2}%93&#8243; _builder_version=&#8221;4.7.7&#8243; hover_enabled=&#8221;0&#8243; sticky_enabled=&#8221;0&#8243;][\/et_pb_contact_field][et_pb_contact_field field_id=&#8221;Message&#8221; field_title=&#8221;Message d&#8217;observations&#8221; field_type=&#8221;text&#8221; fullwidth_field=&#8221;on&#8221; _builder_version=&#8221;3.19.15&#8243; custom_margin=&#8221;||10px&#8221; custom_padding=&#8221;||&#8221;][\/et_pb_contact_field][et_pb_contact_field field_id=&#8221;PP&#8221; field_title=&#8221;Politique de confidentialit\u00e9&#8221; field_type=&#8221;checkbox&#8221; checkbox_options=&#8221;%91{%22value%22:%22Je d\u00e9clare avoir lu et accept\u00e9 les conditions, je vous autorise \u00e0 utiliser mes donn\u00e9es pour me contacter conform\u00e9ment \u00e0 la politique de confidentialit\u00e9.%22,%22checked%22:0,%22dragID%22:-1,%22link_text%22:%22Savoir plus%22,%22link_url%22:%22https:\/\/holidayshousenorthportugal.com\/fr\/protecao-de-dados\/#PP%22}%93&#8243; fullwidth_field=&#8221;on&#8221; _builder_version=&#8221;3.19.15&#8243;][\/et_pb_contact_field][\/et_pb_contact_form][\/et_pb_column][\/et_pb_row][\/et_pb_section][et_pb_section fb_built=&#8221;1&#8243; disabled_on=&#8221;off|off|off&#8221; _builder_version=&#8221;3.19.10&#8243; background_color=&#8221;#ffffff&#8221; custom_margin=&#8221;0px||0px||true&#8221; custom_padding=&#8221;0px||0px||true&#8221; custom_padding_tablet=&#8221;0px||0px|&#8221; padding_mobile=&#8221;on&#8221; global_module=&#8221;34289&#8243;][et_pb_row column_padding_mobile=&#8221;on&#8221; _builder_version=&#8221;3.25&#8243; background_size=&#8221;initial&#8221; background_position=&#8221;top_left&#8221; background_repeat=&#8221;repeat&#8221; custom_margin=&#8221;0px||0px||true&#8221; custom_padding=&#8221;40px||40px||true&#8221;][et_pb_column type=&#8221;4_4&#8243; _builder_version=&#8221;3.25&#8243; custom_padding=&#8221;|||&#8221; custom_padding__hover=&#8221;|||&#8221;][et_pb_image src=&#8221;https:\/\/holidayshousenorthportugal.com\/fr\/wp-content\/uploads\/2019\/01\/certificado-ssl-en.png&#8221; align=&#8221;center&#8221; align_tablet=&#8221;center&#8221; align_phone=&#8221;&#8221; align_last_edited=&#8221;on|desktop&#8221; _builder_version=&#8221;3.23&#8243; custom_margin=&#8221;0px|43px|-25px||false&#8221; custom_margin_tablet=&#8221;|0px|20px|&#8221; custom_margin_phone=&#8221;&#8221; custom_margin_last_edited=&#8221;on|tablet&#8221; custom_padding=&#8221;0px||0px||true&#8221;][\/et_pb_image][et_pb_social_media_follow disabled_on=&#8221;off|off|off&#8221; _builder_version=&#8221;3.19.10&#8243; text_orientation=&#8221;center&#8221; custom_margin=&#8221;0px||0px|190px|true&#8221; custom_margin_tablet=&#8221;|||0px&#8221; custom_margin_phone=&#8221;&#8221; custom_margin_last_edited=&#8221;on|desktop&#8221; custom_padding=&#8221;0px||20px||false&#8221; border_radii=&#8221;on|50px|50px|50px|50px&#8221;][et_pb_social_media_follow_network social_network=&#8221;facebook&#8221; url=&#8221;https:\/\/www.facebook.com\/feriasnanatureza.pt\/&#8221; _builder_version=&#8221;3.19.10&#8243; background_color=&#8221;#3b5998&#8243; custom_margin=&#8221;0px||0px||true&#8221; custom_padding=&#8221;0px||0px||true&#8221; follow_button=&#8221;off&#8221; url_new_window=&#8221;on&#8221;]facebook[\/et_pb_social_media_follow_network][\/et_pb_social_media_follow][et_pb_text admin_label=&#8221;Rodape nome do site&#8221; _builder_version=&#8221;3.27.4&#8243; text_font=&#8221;||||||||&#8221; text_font_size=&#8221;14px&#8221; text_letter_spacing=&#8221;1px&#8221; text_line_height=&#8221;1.2em&#8221; header_font=&#8221;||||||||&#8221; background_size=&#8221;initial&#8221; background_position=&#8221;top_left&#8221; background_repeat=&#8221;repeat&#8221; text_orientation=&#8221;center&#8221; custom_margin=&#8221;0px||0px||true&#8221; custom_padding=&#8221;0px||0px||true&#8221;]<\/p>\n<p>\u00a9 Holidays House North Portugal<\/p>\n<p>[\/et_pb_text][et_pb_text admin_label=&#8221;Rodape nome do site&#8221; module_class=&#8221;linkfooter&#8221; _builder_version=&#8221;3.27.4&#8243; text_font=&#8221;||||||||&#8221; text_font_size=&#8221;12px&#8221; text_letter_spacing=&#8221;1px&#8221; text_line_height=&#8221;1.2em&#8221; header_font=&#8221;||||||||&#8221; background_size=&#8221;initial&#8221; background_position=&#8221;top_left&#8221; background_repeat=&#8221;repeat&#8221; text_orientation=&#8221;center&#8221; custom_margin=&#8221;0px||0px||true&#8221; custom_padding=&#8221;8px||8px||true&#8221;]<\/p>\n<p><a href=\"https:\/\/holidayshousenorthportugal.com\/fr\/protecao-de-dados\/#PP\">Privacy Policy<\/a> | <a href=\"https:\/\/holidayshousenorthportugal.com\/fr\/protecao-de-dados\/#RLO\">Online Dispute Resolution<\/a> | <a href=\"https:\/\/holidayshousenorthportugal.com\/fr\/protecao-de-dados\/#PC\">Cookies Policy<\/a><\/p>\n<p>[\/et_pb_text][et_pb_text admin_label=&#8221;Rodape nome do site&#8221; module_class=&#8221;linkfooter&#8221; _builder_version=&#8221;3.27.4&#8243; text_font=&#8221;||||||||&#8221; text_font_size=&#8221;12px&#8221; text_letter_spacing=&#8221;1px&#8221; text_line_height=&#8221;1.2em&#8221; header_font=&#8221;||||||||&#8221; background_size=&#8221;initial&#8221; background_position=&#8221;top_left&#8221; background_repeat=&#8221;repeat&#8221; text_orientation=&#8221;center&#8221; custom_margin=&#8221;0px||0px||true&#8221; custom_padding=&#8221;0px||0px||true&#8221;]<\/p>\n<p>webdesign by: <a href=\"https:\/\/criativo.net\/\" target=\"_blank\" rel=\"noopener noreferrer\">criativo.net<\/a><\/p>\n<p>[\/et_pb_text][\/et_pb_column][\/et_pb_row][\/et_pb_section]<\/p>\n","protected":false},"excerpt":{"rendered":"<p>[et_pb_section fb_built=&#8221;1&#8243; _builder_version=&#8221;3.22&#8243; use_background_color_gradient=&#8221;on&#8221; background_color_gradient_start=&#8221;rgba(0,0,0,0.75)&#8221; background_color_gradient_end=&#8221;rgba(0,0,0,0.75)&#8221; background_color_gradient_overlays_image=&#8221;on&#8221; background_image=&#8221;https:\/\/holidayshousenorthportugal.com\/fr\/wp-content\/uploads\/2019\/02\/HHNP_Reservar_01.jpg&#8221; custom_margin=&#8221;0px||0px||true&#8221; custom_padding=&#8221;60px||60px||true&#8221; locked=&#8221;off&#8221;][et_pb_row custom_padding_last_edited=&#8221;on|desktop&#8221; _builder_version=&#8221;3.25&#8243; custom_margin=&#8221;0px||0px||true&#8221; custom_padding=&#8221;0px||50px||false|false&#8221; custom_padding_tablet=&#8221;||40px||false&#8221; custom_padding_phone=&#8221;||40px||false&#8221;][et_pb_column type=&#8221;4_4&#8243; _builder_version=&#8221;3.25&#8243; custom_padding=&#8221;|||&#8221; custom_padding__hover=&#8221;|||&#8221;][et_pb_text _builder_version=&#8221;3.27.4&#8243; text_font=&#8221;||||||||&#8221; header_font=&#8221;||||||||&#8221; header_text_align=&#8221;center&#8221; header_2_font=&#8221;||||||||&#8221; header_2_text_align=&#8221;center&#8221; header_3_font=&#8221;||||||||&#8221; header_3_text_align=&#8221;center&#8221; header_4_font=&#8221;||||||||&#8221; header_4_text_align=&#8221;center&#8221; text_orientation=&#8221;justified&#8221; background_layout=&#8221;dark&#8221; custom_margin=&#8221;0px||0px||true&#8221; custom_padding=&#8221;0px||0px||true&#8221; locked=&#8221;off&#8221;] Faites votre r\u00e9servation [\/et_pb_text][et_pb_divider color=&#8221;#ffffff&#8221; divider_position=&#8221;bottom&#8221; divider_weight=&#8221;2px&#8221; _builder_version=&#8221;3.19.10&#8243; max_width=&#8221;80px&#8221; module_alignment=&#8221;center&#8221; height=&#8221;20px&#8221; custom_margin=&#8221;0px||0px||true&#8221; custom_padding=&#8221;0px||0px||true&#8221; locked=&#8221;off&#8221;][\/et_pb_divider][\/et_pb_column][\/et_pb_row][et_pb_row _builder_version=&#8221;3.25&#8243; custom_margin=&#8221;0px||0px||true&#8221; custom_padding=&#8221;0px||0px||true&#8221;][et_pb_column type=&#8221;4_4&#8243; _builder_version=&#8221;3.25&#8243; [&hellip;]<\/p>\n","protected":false},"author":3,"featured_media":0,"parent":0,"menu_order":0,"comment_status":"closed","ping_status":"closed","template":"","meta":{"_et_pb_use_builder":"on","_et_pb_old_content":"","_et_gb_content_width":"","footnotes":""},"class_list":["post-39104","page","type-page","status-publish","hentry"],"_links":{"self":[{"href":"https:\/\/holidayshousenorthportugal.com\/fr\/wp-json\/wp\/v2\/pages\/39104","targetHints":{"allow":["GET"]}}],"collection":[{"href":"https:\/\/holidayshousenorthportugal.com\/fr\/wp-json\/wp\/v2\/pages"}],"about":[{"href":"https:\/\/holidayshousenorthportugal.com\/fr\/wp-json\/wp\/v2\/types\/page"}],"author":[{"embeddable":true,"href":"https:\/\/holidayshousenorthportugal.com\/fr\/wp-json\/wp\/v2\/users\/3"}],"replies":[{"embeddable":true,"href":"https:\/\/holidayshousenorthportugal.com\/fr\/wp-json\/wp\/v2\/comments?post=39104"}],"version-history":[{"count":15,"href":"https:\/\/holidayshousenorthportugal.com\/fr\/wp-json\/wp\/v2\/pages\/39104\/revisions"}],"predecessor-version":[{"id":39849,"href":"https:\/\/holidayshousenorthportugal.com\/fr\/wp-json\/wp\/v2\/pages\/39104\/revisions\/39849"}],"wp:attachment":[{"href":"https:\/\/holidayshousenorthportugal.com\/fr\/wp-json\/wp\/v2\/media?parent=39104"}],"curies":[{"name":"wp","href":"https:\/\/api.w.org\/{rel}","templated":true}]}}